{"id":15,"date":"2025-10-28T13:39:51","date_gmt":"2025-10-28T13:39:51","guid":{"rendered":"https:\/\/www.radioexitourcos.net.pe\/?page_id=15"},"modified":"2025-10-28T14:20:02","modified_gmt":"2025-10-28T14:20:02","slug":"su-publicidad","status":"publish","type":"page","link":"https:\/\/www.radioexitourcos.net.pe\/?page_id=15","title":{"rendered":"SU PUBLICIDAD"},"content":{"rendered":"\n\n\n<h2><p><\/p><p><\/p><\/h2><h2><\/h2><h1><img decoding=\"async\" draggable=\"false\" role=\"img\" class=\"emoji\" alt=\"\ud83c\udf99\ufe0f\" src=\"https:\/\/s.w.org\/images\/core\/emoji\/16.0.1\/svg\/1f399.svg\"> Impulsa tu marca: \u00a1An\u00fanciate en RADIO EXITO URCOS!<\/h1>\n<h2 style=\"color: rgb(230, 0, 0);\">El problema que resuelves<\/h2>\n<h2>Tu marca necesita voz. Tu negocio necesita alcance. \u00a1Te lo ofrecemos!<\/h2>\n<p>Independientemente del tama\u00f1o de su empresa, el \u00e9xito de la publicidad se reduce a una sola cosa: llegar a las personas adecuadas en el momento oportuno. La radio lo consigue con el poder de la emoci\u00f3n y la credibilidad de un medio que impacta la vida de las personas a diario.<\/p>\n<h2 style=\"color: rgb(230, 0, 0);\">\u00bfPor qu\u00e9 la radio EXITO URCOS es tu pr\u00f3ximo paso?<\/h2>\n<p>1. Conexi\u00f3n ininterrumpida e intensa<\/p><p>La radio es el medio de comunicaci\u00f3n de la compa\u00f1\u00eda. Estamos en autos, oficinas y hogares. Su anuncio se escucha mientras la gente conduce, trabaja o se relaja, garantizando una atenci\u00f3n que otros medios no pueden.<\/p><p><br><\/p><p>2. La audiencia ideal le espera<\/p><p>Nuestra programaci\u00f3n est\u00e1 dise\u00f1ada para atraer a ploblaci\u00f3n del hogar. Esto significa que su inversi\u00f3n se dirige directamente a quienes est\u00e1n interesados \u200b\u200ben lo que ofrece.<\/p><p><br><\/p><p>3. Credibilidad y confianza<\/p><p>La radio sigue siendo una de las fuentes de informaci\u00f3n m\u00e1s confiables. Al anunciarse en RADIO EXITO URCOS, su marca hereda esta credibilidad, estableciendo una conexi\u00f3n de confianza inmediata con miles de oyentes.<\/p>\n<h2 style=\"color: rgb(230, 0, 0);\">\ud83d\udcc8 Nuestros n\u00fameros hablan por s\u00ed solos<\/h2>\n\nAlcance semanal: \u00a1M\u00e1s de 1000 oyentes leales!\nHora punta (hora de llegada): cuando su anuncio llega al mayor n\u00famero de consumidores activos.\nCobertura Geogr\u00e1fica: Llegamos a toda la regi\u00f3n de URCOS\n\n<h2 style=\"color: rgb(230, 0, 0);\"><img decoding=\"async\" draggable=\"true\" role=\"img\" class=\"emoji\" alt=\"\u2705\" src=\"https:\/\/s.w.org\/images\/core\/emoji\/16.0.1\/svg\/2705.svg\"> Formatos flexibles para tu campa\u00f1a<\/h2>\n<p>Anuncios publicitarios (15, 30 y 60 segundos). Mensajes de alta frecuencia con bajo costo por contacto. Ideales para promociones en tiendas.<\/p><p>Patrocinio de programas. Asocie su marca con un programa exitoso. Gane autoridad y presencia consistente.<\/p><p>Testimonios y transmisiones en vivo. El locutor favorito de la audiencia habla directamente sobre su producto. Genera confianza instant\u00e1nea.<\/p><p>Actividades promocionales. Presencia en eventos y obsequios exclusivos para los oyentes, impulsando a sus clientes a la acci\u00f3n.<\/p>\n<h2 style=\"color: rgb(230, 0, 0);\"><img decoding=\"async\" draggable=\"true\" role=\"img\" class=\"emoji\" alt=\"\ud83d\udcde\" src=\"https:\/\/s.w.org\/images\/core\/emoji\/16.0.1\/svg\/1f4de.svg\"> \u00bfEst\u00e1s listo para amplificar tu voz?<\/h2>\n<p>No pierdas tiempo. Mientras esperas, tu competencia est\u00e1 en vivo.<\/p><p><br><\/p><p>Haz clic en el bot\u00f3n de WhatsApp, completa el formulario y nuestro equipo de expertos se pondr\u00e1 en contacto contigo para crear un plan de medios que realmente se adapte a tu negocio.<\/p>\n\n\n","protected":false},"excerpt":{"rendered":"","protected":false},"author":1,"featured_media":0,"parent":0,"menu_order":0,"comment_status":"closed","ping_status":"closed","template":"","meta":{"pagelayer_contact_templates":[],"_pagelayer_content":"","footnotes":""},"class_list":["post-15","page","type-page","status-publish","hentry"],"_links":{"self":[{"href":"https:\/\/www.radioexitourcos.net.pe\/index.php?rest_route=\/wp\/v2\/pages\/15","targetHints":{"allow":["GET"]}}],"collection":[{"href":"https:\/\/www.radioexitourcos.net.pe\/index.php?rest_route=\/wp\/v2\/pages"}],"about":[{"href":"https:\/\/www.radioexitourcos.net.pe\/index.php?rest_route=\/wp\/v2\/types\/page"}],"author":[{"embeddable":true,"href":"https:\/\/www.radioexitourcos.net.pe\/index.php?rest_route=\/wp\/v2\/users\/1"}],"replies":[{"embeddable":true,"href":"https:\/\/www.radioexitourcos.net.pe\/index.php?rest_route=%2Fwp%2Fv2%2Fcomments&post=15"}],"version-history":[{"count":3,"href":"https:\/\/www.radioexitourcos.net.pe\/index.php?rest_route=\/wp\/v2\/pages\/15\/revisions"}],"predecessor-version":[{"id":32,"href":"https:\/\/www.radioexitourcos.net.pe\/index.php?rest_route=\/wp\/v2\/pages\/15\/revisions\/32"}],"wp:attachment":[{"href":"https:\/\/www.radioexitourcos.net.pe\/index.php?rest_route=%2Fwp%2Fv2%2Fmedia&parent=15"}],"curies":[{"name":"wp","href":"https:\/\/api.w.org\/{rel}","templated":true}]}}